{"id":4228,"date":"2023-06-13T08:36:23","date_gmt":"2023-06-13T08:36:23","guid":{"rendered":"http:\/\/hvc-vn.com\/products\/"},"modified":"2024-04-16T09:02:01","modified_gmt":"2024-04-16T09:02:01","slug":"products","status":"publish","type":"page","link":"https:\/\/hvc-vn.com\/en\/products\/","title":{"rendered":"Products"},"content":{"rendered":"\t\t<div data-elementor-type=\"wp-page\" data-elementor-id=\"4228\" class=\"elementor elementor-4228 elementor-53\" data-elementor-post-type=\"page\">\n\t\t\t\t<div class=\"elementor-element elementor-element-565ad44 e-flex e-con-boxed e-con e-parent\" data-id=\"565ad44\" data-element_type=\"container\">\n\t\t\t\t\t<div class=\"e-con-inner\">\n\t\t\t\t<div class=\"elementor-element elementor-element-b0cec22 elementor-widget elementor-widget-heading\" data-id=\"b0cec22\" data-element_type=\"widget\" data-widget_type=\"heading.default\">\n\t\t\t\t<div class=\"elementor-widget-container\">\n\t\t\t<style>\/*! elementor - v3.22.0 - 24-06-2024 *\/\n.elementor-heading-title{padding:0;margin:0;line-height:1}.elementor-widget-heading .elementor-heading-title[class*=elementor-size-]>a{color:inherit;font-size:inherit;line-height:inherit}.elementor-widget-heading .elementor-heading-title.elementor-size-small{font-size:15px}.elementor-widget-heading .elementor-heading-title.elementor-size-medium{font-size:19px}.elementor-widget-heading .elementor-heading-title.elementor-size-large{font-size:29px}.elementor-widget-heading .elementor-heading-title.elementor-size-xl{font-size:39px}.elementor-widget-heading .elementor-heading-title.elementor-size-xxl{font-size:59px}<\/style><h2 class=\"elementor-heading-title elementor-size-default\">PRODUCT CATEGORIES<\/h2>\t\t<\/div>\n\t\t\t\t<\/div>\n\t\t\t\t<div class=\"elementor-element elementor-element-c3c5f91 uael-woo-cat-title-pos-below-image uael-woo-category-grid uael-woo-cat--align-center elementor-widget elementor-widget-uael-woo-categories\" data-id=\"c3c5f91\" data-element_type=\"widget\" data-settings=\"{&quot;cat_columns&quot;:&quot;4&quot;,&quot;cat_columns_tablet&quot;:&quot;3&quot;,&quot;cat_columns_mobile&quot;:&quot;2&quot;,&quot;column_gap&quot;:{&quot;unit&quot;:&quot;px&quot;,&quot;size&quot;:20,&quot;sizes&quot;:[]},&quot;column_gap_tablet&quot;:{&quot;unit&quot;:&quot;px&quot;,&quot;size&quot;:&quot;&quot;,&quot;sizes&quot;:[]},&quot;column_gap_mobile&quot;:{&quot;unit&quot;:&quot;px&quot;,&quot;size&quot;:&quot;&quot;,&quot;sizes&quot;:[]},&quot;row_gap&quot;:{&quot;unit&quot;:&quot;px&quot;,&quot;size&quot;:35,&quot;sizes&quot;:[]},&quot;row_gap_tablet&quot;:{&quot;unit&quot;:&quot;px&quot;,&quot;size&quot;:&quot;&quot;,&quot;sizes&quot;:[]},&quot;row_gap_mobile&quot;:{&quot;unit&quot;:&quot;px&quot;,&quot;size&quot;:&quot;&quot;,&quot;sizes&quot;:[]}}\" data-widget_type=\"uael-woo-categories.default\">\n\t\t\t\t<div class=\"elementor-widget-container\">\n\t\t\t<div class=\"uael-woo-categories uael-woo-categories-grid uael-woocommerce\"><div class=\"uael-woo-categories-inner  uael-woo-cat__column-4 uael-woo-cat__column-tablet-3 uael-woo-cat__column-mobile-2\"><ul class=\"products columns-4\">\n<li class=\"product-category product first\">\n\t<a href=\"https:\/\/hvc-vn.com\/en\/danh-muc-san-pham\/franklin-electric-en\/\"><div class=\"uael-product-cat-inner\"><img fetchpriority=\"high\" decoding=\"async\" src=\"https:\/\/hvc-vn.com\/wp-content\/uploads\/woocommerce-placeholder-300x300.png\" alt=\"Franklin Electric\" width=\"300\" height=\"300\" \/><div class=\"uael-category__title-wrap\"><h3 class=\"woocommerce-loop-category__title\">Franklin Electric<\/h3><mark class=\"uael-count\">35 Products<\/mark><\/div><\/div><\/a><\/li>\n<li class=\"product-category product\">\n\t<a href=\"https:\/\/hvc-vn.com\/en\/danh-muc-san-pham\/voith-en\/\"><div class=\"uael-product-cat-inner\"><img decoding=\"async\" data-src=\"https:\/\/hvc-vn.com\/wp-content\/uploads\/woocommerce-placeholder-300x300.png\" alt=\"VOITH\" width=\"300\" height=\"300\" src=\"data:image\/gif;base64,R0lGODlhAQABAAAAACH5BAEKAAEALAAAAAABAAEAAAICTAEAOw==\" class=\"lazyload\" style=\"--smush-placeholder-width: 300px; --smush-placeholder-aspect-ratio: 300\/300;\" \/><noscript><img decoding=\"async\" src=\"https:\/\/hvc-vn.com\/wp-content\/uploads\/woocommerce-placeholder-300x300.png\" alt=\"VOITH\" width=\"300\" height=\"300\" \/><\/noscript><div class=\"uael-category__title-wrap\"><h3 class=\"woocommerce-loop-category__title\">VOITH<\/h3><mark class=\"uael-count\">3 Products<\/mark><\/div><\/div><\/a><\/li>\n<li class=\"product-category product\">\n\t<a href=\"https:\/\/hvc-vn.com\/en\/danh-muc-san-pham\/umeta-en\/\"><div class=\"uael-product-cat-inner\"><img decoding=\"async\" data-src=\"https:\/\/hvc-vn.com\/wp-content\/uploads\/woocommerce-placeholder-300x300.png\" alt=\"Umeta\" width=\"300\" height=\"300\" src=\"data:image\/gif;base64,R0lGODlhAQABAAAAACH5BAEKAAEALAAAAAABAAEAAAICTAEAOw==\" class=\"lazyload\" style=\"--smush-placeholder-width: 300px; --smush-placeholder-aspect-ratio: 300\/300;\" \/><noscript><img decoding=\"async\" src=\"https:\/\/hvc-vn.com\/wp-content\/uploads\/woocommerce-placeholder-300x300.png\" alt=\"Umeta\" width=\"300\" height=\"300\" \/><\/noscript><div class=\"uael-category__title-wrap\"><h3 class=\"woocommerce-loop-category__title\">Umeta<\/h3><mark class=\"uael-count\">59 Products<\/mark><\/div><\/div><\/a><\/li>\n<li class=\"product-category product last\">\n\t<a href=\"https:\/\/hvc-vn.com\/en\/danh-muc-san-pham\/u-s-silica\/\"><div class=\"uael-product-cat-inner\"><img loading=\"lazy\" decoding=\"async\" data-src=\"https:\/\/hvc-vn.com\/wp-content\/uploads\/woocommerce-placeholder-300x300.png\" alt=\"U.S. Silica\" width=\"300\" height=\"300\" src=\"data:image\/gif;base64,R0lGODlhAQABAAAAACH5BAEKAAEALAAAAAABAAEAAAICTAEAOw==\" class=\"lazyload\" style=\"--smush-placeholder-width: 300px; --smush-placeholder-aspect-ratio: 300\/300;\" \/><noscript><img loading=\"lazy\" decoding=\"async\" src=\"https:\/\/hvc-vn.com\/wp-content\/uploads\/woocommerce-placeholder-300x300.png\" alt=\"U.S. Silica\" width=\"300\" height=\"300\" \/><\/noscript><div class=\"uael-category__title-wrap\"><h3 class=\"woocommerce-loop-category__title\">U.S. Silica<\/h3><mark class=\"uael-count\">1 Product<\/mark><\/div><\/div><\/a><\/li>\n<li class=\"product-category product first\">\n\t<a href=\"https:\/\/hvc-vn.com\/en\/danh-muc-san-pham\/transfluid-en\/\"><div class=\"uael-product-cat-inner\"><img loading=\"lazy\" decoding=\"async\" data-src=\"https:\/\/hvc-vn.com\/wp-content\/uploads\/woocommerce-placeholder-300x300.png\" alt=\"Transfluid\" width=\"300\" height=\"300\" src=\"data:image\/gif;base64,R0lGODlhAQABAAAAACH5BAEKAAEALAAAAAABAAEAAAICTAEAOw==\" class=\"lazyload\" style=\"--smush-placeholder-width: 300px; --smush-placeholder-aspect-ratio: 300\/300;\" \/><noscript><img loading=\"lazy\" decoding=\"async\" src=\"https:\/\/hvc-vn.com\/wp-content\/uploads\/woocommerce-placeholder-300x300.png\" alt=\"Transfluid\" width=\"300\" height=\"300\" \/><\/noscript><div class=\"uael-category__title-wrap\"><h3 class=\"woocommerce-loop-category__title\">Transfluid<\/h3><mark class=\"uael-count\">12 Products<\/mark><\/div><\/div><\/a><\/li>\n<li class=\"product-category product\">\n\t<a href=\"https:\/\/hvc-vn.com\/en\/danh-muc-san-pham\/matsushima-en\/\"><div class=\"uael-product-cat-inner\"><img loading=\"lazy\" decoding=\"async\" data-src=\"https:\/\/hvc-vn.com\/wp-content\/uploads\/woocommerce-placeholder-300x300.png\" alt=\"Matsushima\" width=\"300\" height=\"300\" src=\"data:image\/gif;base64,R0lGODlhAQABAAAAACH5BAEKAAEALAAAAAABAAEAAAICTAEAOw==\" class=\"lazyload\" style=\"--smush-placeholder-width: 300px; --smush-placeholder-aspect-ratio: 300\/300;\" \/><noscript><img loading=\"lazy\" decoding=\"async\" src=\"https:\/\/hvc-vn.com\/wp-content\/uploads\/woocommerce-placeholder-300x300.png\" alt=\"Matsushima\" width=\"300\" height=\"300\" \/><\/noscript><div class=\"uael-category__title-wrap\"><h3 class=\"woocommerce-loop-category__title\">Matsushima<\/h3><mark class=\"uael-count\">35 Products<\/mark><\/div><\/div><\/a><\/li>\n<li class=\"product-category product\">\n\t<a href=\"https:\/\/hvc-vn.com\/en\/danh-muc-san-pham\/kinetrol-en\/\"><div class=\"uael-product-cat-inner\"><img loading=\"lazy\" decoding=\"async\" data-src=\"https:\/\/hvc-vn.com\/wp-content\/uploads\/woocommerce-placeholder-300x300.png\" alt=\"Kinetrol\" width=\"300\" height=\"300\" src=\"data:image\/gif;base64,R0lGODlhAQABAAAAACH5BAEKAAEALAAAAAABAAEAAAICTAEAOw==\" class=\"lazyload\" style=\"--smush-placeholder-width: 300px; --smush-placeholder-aspect-ratio: 300\/300;\" \/><noscript><img loading=\"lazy\" decoding=\"async\" src=\"https:\/\/hvc-vn.com\/wp-content\/uploads\/woocommerce-placeholder-300x300.png\" alt=\"Kinetrol\" width=\"300\" height=\"300\" \/><\/noscript><div class=\"uael-category__title-wrap\"><h3 class=\"woocommerce-loop-category__title\">Kinetrol<\/h3><mark class=\"uael-count\">17 Products<\/mark><\/div><\/div><\/a><\/li>\n<li class=\"product-category product last\">\n\t<a href=\"https:\/\/hvc-vn.com\/en\/danh-muc-san-pham\/hardlock-en\/\"><div class=\"uael-product-cat-inner\"><img loading=\"lazy\" decoding=\"async\" data-src=\"https:\/\/hvc-vn.com\/wp-content\/uploads\/woocommerce-placeholder-300x300.png\" alt=\"Hardlock\" width=\"300\" height=\"300\" src=\"data:image\/gif;base64,R0lGODlhAQABAAAAACH5BAEKAAEALAAAAAABAAEAAAICTAEAOw==\" class=\"lazyload\" style=\"--smush-placeholder-width: 300px; --smush-placeholder-aspect-ratio: 300\/300;\" \/><noscript><img loading=\"lazy\" decoding=\"async\" src=\"https:\/\/hvc-vn.com\/wp-content\/uploads\/woocommerce-placeholder-300x300.png\" alt=\"Hardlock\" width=\"300\" height=\"300\" \/><\/noscript><div class=\"uael-category__title-wrap\"><h3 class=\"woocommerce-loop-category__title\">Hardlock<\/h3><mark class=\"uael-count\">3 Products<\/mark><\/div><\/div><\/a><\/li>\n<li class=\"product-category product first\">\n\t<a href=\"https:\/\/hvc-vn.com\/en\/danh-muc-san-pham\/ha-tien-standard-test-sand\/\"><div class=\"uael-product-cat-inner\"><img loading=\"lazy\" decoding=\"async\" data-src=\"https:\/\/hvc-vn.com\/wp-content\/uploads\/woocommerce-placeholder-300x300.png\" alt=\"Ha Tien standard test sand\" width=\"300\" height=\"300\" src=\"data:image\/gif;base64,R0lGODlhAQABAAAAACH5BAEKAAEALAAAAAABAAEAAAICTAEAOw==\" class=\"lazyload\" style=\"--smush-placeholder-width: 300px; --smush-placeholder-aspect-ratio: 300\/300;\" \/><noscript><img loading=\"lazy\" decoding=\"async\" src=\"https:\/\/hvc-vn.com\/wp-content\/uploads\/woocommerce-placeholder-300x300.png\" alt=\"Ha Tien standard test sand\" width=\"300\" height=\"300\" \/><\/noscript><div class=\"uael-category__title-wrap\"><h3 class=\"woocommerce-loop-category__title\">Ha Tien standard test sand<\/h3><mark class=\"uael-count\">1 Product<\/mark><\/div><\/div><\/a><\/li>\n<li class=\"product-category product\">\n\t<a href=\"https:\/\/hvc-vn.com\/en\/danh-muc-san-pham\/fuji-seimitsu-en\/\"><div class=\"uael-product-cat-inner\"><img loading=\"lazy\" decoding=\"async\" data-src=\"https:\/\/hvc-vn.com\/wp-content\/uploads\/woocommerce-placeholder-300x300.png\" alt=\"Fuji Seimitsu\" width=\"300\" height=\"300\" src=\"data:image\/gif;base64,R0lGODlhAQABAAAAACH5BAEKAAEALAAAAAABAAEAAAICTAEAOw==\" class=\"lazyload\" style=\"--smush-placeholder-width: 300px; --smush-placeholder-aspect-ratio: 300\/300;\" \/><noscript><img loading=\"lazy\" decoding=\"async\" src=\"https:\/\/hvc-vn.com\/wp-content\/uploads\/woocommerce-placeholder-300x300.png\" alt=\"Fuji Seimitsu\" width=\"300\" height=\"300\" \/><\/noscript><div class=\"uael-category__title-wrap\"><h3 class=\"woocommerce-loop-category__title\">Fuji Seimitsu<\/h3><mark class=\"uael-count\">7 Products<\/mark><\/div><\/div><\/a><\/li>\n<li class=\"product-category product\">\n\t<a href=\"https:\/\/hvc-vn.com\/en\/danh-muc-san-pham\/flender-en\/\"><div class=\"uael-product-cat-inner\"><img loading=\"lazy\" decoding=\"async\" data-src=\"https:\/\/hvc-vn.com\/wp-content\/uploads\/woocommerce-placeholder-300x300.png\" alt=\"Flender\" width=\"300\" height=\"300\" src=\"data:image\/gif;base64,R0lGODlhAQABAAAAACH5BAEKAAEALAAAAAABAAEAAAICTAEAOw==\" class=\"lazyload\" style=\"--smush-placeholder-width: 300px; --smush-placeholder-aspect-ratio: 300\/300;\" \/><noscript><img loading=\"lazy\" decoding=\"async\" src=\"https:\/\/hvc-vn.com\/wp-content\/uploads\/woocommerce-placeholder-300x300.png\" alt=\"Flender\" width=\"300\" height=\"300\" \/><\/noscript><div class=\"uael-category__title-wrap\"><h3 class=\"woocommerce-loop-category__title\">Flender<\/h3><mark class=\"uael-count\">19 Products<\/mark><\/div><\/div><\/a><\/li>\n<li class=\"product-category product last\">\n\t<a href=\"https:\/\/hvc-vn.com\/en\/danh-muc-san-pham\/bosch-rexroth-en\/\"><div class=\"uael-product-cat-inner\"><img loading=\"lazy\" decoding=\"async\" data-src=\"https:\/\/hvc-vn.com\/wp-content\/uploads\/woocommerce-placeholder-300x300.png\" alt=\"BOSCH REXROTH\" width=\"300\" height=\"300\" src=\"data:image\/gif;base64,R0lGODlhAQABAAAAACH5BAEKAAEALAAAAAABAAEAAAICTAEAOw==\" class=\"lazyload\" style=\"--smush-placeholder-width: 300px; --smush-placeholder-aspect-ratio: 300\/300;\" \/><noscript><img loading=\"lazy\" decoding=\"async\" src=\"https:\/\/hvc-vn.com\/wp-content\/uploads\/woocommerce-placeholder-300x300.png\" alt=\"BOSCH REXROTH\" width=\"300\" height=\"300\" \/><\/noscript><div class=\"uael-category__title-wrap\"><h3 class=\"woocommerce-loop-category__title\">BOSCH REXROTH<\/h3><mark class=\"uael-count\">12 Products<\/mark><\/div><\/div><\/a><\/li>\n<li class=\"product-category product first\">\n\t<a href=\"https:\/\/hvc-vn.com\/en\/danh-muc-san-pham\/other-equipment\/\"><div class=\"uael-product-cat-inner\"><img loading=\"lazy\" decoding=\"async\" data-src=\"https:\/\/hvc-vn.com\/wp-content\/uploads\/woocommerce-placeholder-300x300.png\" alt=\"Other equipment\" width=\"300\" height=\"300\" src=\"data:image\/gif;base64,R0lGODlhAQABAAAAACH5BAEKAAEALAAAAAABAAEAAAICTAEAOw==\" class=\"lazyload\" style=\"--smush-placeholder-width: 300px; --smush-placeholder-aspect-ratio: 300\/300;\" \/><noscript><img loading=\"lazy\" decoding=\"async\" src=\"https:\/\/hvc-vn.com\/wp-content\/uploads\/woocommerce-placeholder-300x300.png\" alt=\"Other equipment\" width=\"300\" height=\"300\" \/><\/noscript><div class=\"uael-category__title-wrap\"><h3 class=\"woocommerce-loop-category__title\">Other equipment<\/h3><mark class=\"uael-count\">1 Product<\/mark><\/div><\/div><\/a><\/li>\n<\/ul>\n<\/div><\/div>\t\t<\/div>\n\t\t\t\t<\/div>\n\t\t\t\t\t<\/div>\n\t\t\t\t<\/div>\n\t\t\t\t<\/div>\n\t\t","protected":false},"excerpt":{"rendered":"<p>PRODUCT CATEGORIES VOITH 3 Products Umeta 59 Products U.S. Silica 1 Product Transfluid 12 Products Matsushima 35 Products Kinetrol 17 Products Hardlock 3 Products Fuji Seimitsu 7 Products Franklin Electric 35 Products Flender 19 Products C\u00e1t ti\u00eau chu\u1ea9n H\u00e0 Ti\u00ean 1 Product BOSCH REXROTH 12 Products C\u00e1c thi\u1ebft b\u1ecb kh\u00e1c 1 Product<\/p>\n","protected":false},"author":1,"featured_media":0,"parent":0,"menu_order":0,"comment_status":"closed","ping_status":"closed","template":"","meta":{"site-sidebar-layout":"no-sidebar","site-content-layout":"page-builder","ast-site-content-layout":"","site-content-style":"default","site-sidebar-style":"default","ast-global-header-display":"","ast-banner-title-visibility":"","ast-main-header-display":"","ast-hfb-above-header-display":"","ast-hfb-below-header-display":"","ast-hfb-mobile-header-display":"","site-post-title":"disabled","ast-breadcrumbs-content":"","ast-featured-img":"disabled","footer-sml-layout":"","theme-transparent-header-meta":"","adv-header-id-meta":"","stick-header-meta":"","header-above-stick-meta":"","header-main-stick-meta":"","header-below-stick-meta":"","astra-migrate-meta-layouts":"default","ast-page-background-enabled":"default","ast-page-background-meta":{"desktop":{"background-color":"","background-image":"","background-repeat":"repeat","background-position":"center center","background-size":"auto","background-attachment":"scroll","background-type":"","background-media":"","overlay-type":"","overlay-color":"","overlay-gradient":""},"tablet":{"background-color":"","background-image":"","background-repeat":"repeat","background-position":"center center","background-size":"auto","background-attachment":"scroll","background-type":"","background-media":"","overlay-type":"","overlay-color":"","overlay-gradient":""},"mobile":{"background-color":"","background-image":"","background-repeat":"repeat","background-position":"center center","background-size":"auto","background-attachment":"scroll","background-type":"","background-media":"","overlay-type":"","overlay-color":"","overlay-gradient":""}},"ast-content-background-meta":{"desktop":{"background-color":"var(--ast-global-color-5)","background-image":"","background-repeat":"repeat","background-position":"center center","background-size":"auto","background-attachment":"scroll","background-type":"","background-media":"","overlay-type":"","overlay-color":"","overlay-gradient":""},"tablet":{"background-color":"var(--ast-global-color-5)","background-image":"","background-repeat":"repeat","background-position":"center center","background-size":"auto","background-attachment":"scroll","background-type":"","background-media":"","overlay-type":"","overlay-color":"","overlay-gradient":""},"mobile":{"background-color":"var(--ast-global-color-5)","background-image":"","background-repeat":"repeat","background-position":"center center","background-size":"auto","background-attachment":"scroll","background-type":"","background-media":"","overlay-type":"","overlay-color":"","overlay-gradient":""}},"footnotes":""},"class_list":["post-4228","page","type-page","status-publish","hentry"],"_links":{"self":[{"href":"https:\/\/hvc-vn.com\/en\/wp-json\/wp\/v2\/pages\/4228","targetHints":{"allow":["GET"]}}],"collection":[{"href":"https:\/\/hvc-vn.com\/en\/wp-json\/wp\/v2\/pages"}],"about":[{"href":"https:\/\/hvc-vn.com\/en\/wp-json\/wp\/v2\/types\/page"}],"author":[{"embeddable":true,"href":"https:\/\/hvc-vn.com\/en\/wp-json\/wp\/v2\/users\/1"}],"replies":[{"embeddable":true,"href":"https:\/\/hvc-vn.com\/en\/wp-json\/wp\/v2\/comments?post=4228"}],"version-history":[{"count":1,"href":"https:\/\/hvc-vn.com\/en\/wp-json\/wp\/v2\/pages\/4228\/revisions"}],"predecessor-version":[{"id":4229,"href":"https:\/\/hvc-vn.com\/en\/wp-json\/wp\/v2\/pages\/4228\/revisions\/4229"}],"wp:attachment":[{"href":"https:\/\/hvc-vn.com\/en\/wp-json\/wp\/v2\/media?parent=4228"}],"curies":[{"name":"wp","href":"https:\/\/api.w.org\/{rel}","templated":true}]}}