{"id":4098,"date":"2023-06-13T08:33:42","date_gmt":"2023-06-13T08:33:42","guid":{"rendered":"http:\/\/hvc-vn.com\/about-us\/"},"modified":"2025-08-13T11:02:02","modified_gmt":"2025-08-13T11:02:02","slug":"about-us","status":"publish","type":"page","link":"https:\/\/hvc-vn.com\/en\/about-us\/","title":{"rendered":"About Us"},"content":{"rendered":"\t\t<div data-elementor-type=\"wp-page\" data-elementor-id=\"4098\" class=\"elementor elementor-4098 elementor-46\" data-elementor-post-type=\"page\">\n\t\t\t\t<div class=\"elementor-element elementor-element-ce88c7c e-con-full e-flex e-con e-parent\" data-id=\"ce88c7c\" data-element_type=\"container\" data-settings=\"{&quot;background_background&quot;:&quot;classic&quot;}\">\n\t\t\t\t<div class=\"elementor-element elementor-element-d194bb5 elementor-widget elementor-widget-uael-infobox\" data-id=\"d194bb5\" data-element_type=\"widget\" data-widget_type=\"uael-infobox.default\">\n\t\t\t\t<div class=\"elementor-widget-container\">\n\t\t\t\n<div class=\"uael-module-content uael-infobox  uael-infobox-center  uael-infobox-link-type-none\">\n\t<div class=\"uael-infobox-left-right-wrap\">\n\t\t\t\t\t\t<div class=\"uael-infobox-content\">\n\t\t\t\t\t\t<div class='uael-infobox-title-wrap'><h3 class=\"uael-infobox-title-prefix elementor-inline-editing\" data-elementor-setting-key=\"infobox_title_prefix\" data-elementor-inline-editing-toolbar=\"basic\" >ABOUT US<\/h3><h2 class=\"uael-infobox-title elementor-inline-editing\" data-elementor-setting-key=\"infobox_title\" data-elementor-inline-editing-toolbar=\"basic\" >HUNG VIET ELECTRONICS TECHNOLOGY AND TRADING COMPANY LIMITED (HVC)<\/h2><\/div>\t\t\t\t\t\t<div class=\"uael-separator-parent\">\n\t\t\t\t<div class=\"uael-separator\"><\/div>\n\t\t\t<\/div>\n\t\t\t\t\t\t\t\t\t<div class=\"uael-infobox-text-wrap\">\n\t\t\t\t<div class=\"uael-infobox-text elementor-inline-editing\" data-elementor-setting-key=\"infobox_description\" data-elementor-inline-editing-toolbar=\"advanced\">\n\t\t\t\t\tWith over 20 years in the industry, we take pride in being one of the leading suppliers of solutions, materials, machinery, equipment, spare parts, and raw materials serving various industries including Chemical, Cement, Steel, Glass, Paper, Textile, Food and Beverage, Construction, Transportation, etc., with top reputation in Vietnam.\t\t\t\t<\/div>\n\t\t\t\t\t\n\t\t\t\t\t\t\t<\/div>\n\t\t<\/div>\n\t\t\t<\/div>\n<\/div>\n\t\t<\/div>\n\t\t\t\t<\/div>\n\t\t\t\t<\/div>\n\t\t<div class=\"elementor-element elementor-element-08685b0 e-con-full e-flex e-con e-parent\" data-id=\"08685b0\" data-element_type=\"container\">\n\t\t\t\t<div class=\"elementor-element elementor-element-baeb7d2 elementor-widget elementor-widget-text-editor\" data-id=\"baeb7d2\" data-element_type=\"widget\" data-widget_type=\"text-editor.default\">\n\t\t\t\t<div class=\"elementor-widget-container\">\n\t\t\t<style>\/*! elementor - v3.22.0 - 24-06-2024 *\/\n.elementor-widget-text-editor.elementor-drop-cap-view-stacked .elementor-drop-cap{background-color:#69727d;color:#fff}.elementor-widget-text-editor.elementor-drop-cap-view-framed .elementor-drop-cap{color:#69727d;border:3px solid;background-color:transparent}.elementor-widget-text-editor:not(.elementor-drop-cap-view-default) .elementor-drop-cap{margin-top:8px}.elementor-widget-text-editor:not(.elementor-drop-cap-view-default) .elementor-drop-cap-letter{width:1em;height:1em}.elementor-widget-text-editor .elementor-drop-cap{float:left;text-align:center;line-height:1;font-size:50px}.elementor-widget-text-editor .elementor-drop-cap-letter{display:inline-block}<\/style>\t\t\t\t<h3><strong><u> History of Formation and Development<\/u><\/strong><strong>:<\/strong><\/h3>\n<ul>\n<li><b>1996<\/b>: Inception with the name Hung Viet Electronics and Information Technology Company Limited &#8211; ITEC.<\/li>\n<li><b>2002<\/b>: Conversion and reestablishment as Hung Viet Electronics Technology and Trading Company Limited &#8211; HVC.<\/li>\n<li><b>2003<\/b>: Joined the Vietnam Automation Science and Technology Association.<\/li>\n<li><b> Agency and Distribution<\/b>:<\/li>\n<\/ul>\n<ol>\n<li>Distributor of Matsushima Measure Tech Co., Ltd. \u2013 Japan in Vietnam:<br \/>&#8211; Conveyor protection devices (including belt tear protection devices)<br \/>&#8211; Equipment for measuring and monitoring liquid and solid levels<br \/>&#8211; Equipment for measuring and monitoring dust concentration <\/li>\n<li>Distributor of Fuji Seimitsu Co., Ltd. \u2013 Japan in Vietnam:<br \/>&#8211; Special self-locking nuts <\/li>\n<li>Agent for Kawaso Electric Industrial Co., Ltd. \u2013 Japan products in Vietnam:<br \/>&#8211; Temperature measuring and control devices <\/li>\n<li>Distributor of UMETA \u2013 Germany in Vietnam:<br \/>&#8211; Grease lubrication equipment (grease guns, grease pumps, etc.)<\/li>\n<li>Agent for MINET \u2013 France products in Vietnam:<br \/>&#8211; Conveyor belt fasteners, splicing, and quick repair equipment (Superscrew)<\/li>\n<li>Distributor of U.S. Silica Company \u2013 USA in Vietnam:<br \/>&#8211; ASTM C778 standard sand (Graded, 20-30) for cement and concrete testing<\/li>\n<li>Agent for Franklin Electric Company \u2013 USA products in Vietnam:<br \/>&#8211; Submersible pumps and motors<\/li>\n<li>Distributor of CITIC Heavy Machinery IC Co., Ltd. \u2013 China in Vietnam:<br \/>&#8211; Equipment and spare parts for cement plants (grinders, rotary kilns, etc.) <\/li>\n<li>Distributor of Tianjin Mechnical Manufacturing Co., Ltd &#8211; China<br \/>&#8211; Equipment and spare parts for Roots Blower<\/li>\n<li>Traditional supplier of various foreign brands such as Kinetrol-UK, Siemens Flender-Germany, Transfluid-Italy, Voith-Germany, Van Der Graaf-Holland, Hardlock-Japan, Rexroth-Germany\u2026 <\/li>\n<\/ol>\n<h3><u>Scale and Organization:<\/u><\/h3>\n<div>HUNG VIET ELECTRONICS TECHNOLOGY AND TRADING COMPANY LIMITED (Abbreviated as HVC) was established under the business license issued by the Hanoi Department of Planning and Investment with number 0102005101 on April 22, 2002, under the authority of the Hanoi People&#8217;s Committee. It was founded on the basis of its predecessor, Hung Viet Electronics and Information Technology Company Limited (established in 1997). HVC is a fully-qualified legal entity with sufficient human resources and technical equipment capable of participating in technically advanced projects and large-scale investments. HVC has a team of scientists, engineers, and technical staff with many years of experience in the fields of electricity, electronics, measurement and control, and automation. HVC operates extensively, including consulting, supervision, technical design, manufacturing, production, business, technology transfer, and scientific research in the fields of electricity, electronics, measurement, automation, electronic scales, information technology, computer science, and other industries. HVC always emphasizes high technology, new technologies, staff training, and allocates significant investment capital for these activities to quickly grasp and transfer the most advanced technologies in the world into the national economy, thereby bringing high efficiency to production and business establishments. <br \/><u><br \/><\/u><\/div>\n<h3><strong><u>Company Information<\/u><\/strong><strong>:<\/strong><\/h3>\n<ul>\n<li><b>Full name in Vietnamese<\/b> : C\u00d4NG TY TR\u00c1CH NHI\u1ec6M H\u1eeeU H\u1ea0N C\u00d4NG NGH\u1ec6 \u0110I\u1ec6N T\u1eec V\u00c0 TH\u01af\u01a0NG M\u1ea0I H\u01afNG VI\u1ec6T<\/li>\n<li><b> Abbreviation in Vietnamese<\/b>: C\u00d4NG TY \u0110I\u1ec6N T\u1eec H\u01afNG VI\u1ec6T (HVC)<\/li>\n<li><b>Trading name with foreign countries<\/b>: HUNG VIET ELECTRONICS TECHNOLOGY AND TRADING COMPANY LIMITED<\/li>\n<li><b>Abbreviation in English<\/b>: HUNG VIET ELECTRONICS CO., LTD (HVC)<\/li>\n<li><b>Address<\/b>: No. 5, Alley 6\/13, Lane 6, Kim Dong Street, Giap Bat Ward, Hoang Mai District, Hanoi<\/li>\n<li><b>Contact<\/b> :<br \/>Phone: +84-(0)4-3664 1708<br \/>Fax: +84-(0)4-3664 1709<br \/>Hotline: +84 913214096<br \/>Email: <a href=\"mailto:sale@hvc-vn.com\"><b>sale@hvc-vn.com<\/b><\/a> ; <a href=\"mailto:hungviet2002@fpt.vn\"><b>hungviet2002@fpt.vn<\/b><\/a><br \/>Website: <strong><a href=\"https:\/\/hvc-vn.com\/en\/\">https:\/\/hvc-vn.com<\/a><\/strong><\/li>\n<\/ul>\n<h3><strong><u> Primary Business Sector<\/u><\/strong><strong>:<\/strong><\/h3>\n<div>Hung Viet Electronics Technology and Trading Company specializes in researching, designing, manufacturing, supplying equipment, and transferring technical technology systems and equipment in the following fields:<\/div>\n<ul>\n<li>Trading materials, machinery, equipment, spare parts, and raw materials serving most industries, including the Cement Industry.<\/li>\n<li>Industrial measurement and control, especially in the chemical and cement industries. <\/li>\n<li>Automation of equipment, systems, processes, and production lines.<\/li>\n<li>Supplying and installing electronic weighing systems.<\/li>\n<li>Equipping measurement, calibration, and environmental laboratories.<\/li>\n<li> Construction electronics. Information technology, internet network. Telecommunications and advertising.<\/li>\n<li>Supplying and installing domestic and industrial water treatment systems.<\/li>\n<li>Supplying and installing security systems, surveillance cameras for both residential and industrial purposes.<\/li>\n<li>Training personnel in the fields of electronics, automation measurement, and computer science.<\/li>\n<li>Consulting and transferring new technologies.<\/li>\n<\/ul>\n<figure id=\"attachment_2901\" aria-describedby=\"caption-attachment-2901\" style=\"width: 1024px\" class=\"wp-caption aligncenter\"><img fetchpriority=\"high\" decoding=\"async\" class=\"wp-image-2901 size-large\" src=\"https:\/\/hvc-vn.com\/wp-content\/uploads\/2024\/02\/IMG_1354-1024x576.webp\" alt=\"\" width=\"1024\" height=\"576\" srcset=\"https:\/\/hvc-vn.com\/wp-content\/uploads\/2024\/02\/IMG_1354-1024x576.webp 1024w, https:\/\/hvc-vn.com\/wp-content\/uploads\/2024\/02\/IMG_1354-300x169.webp 300w, https:\/\/hvc-vn.com\/wp-content\/uploads\/2024\/02\/IMG_1354-768x432.webp 768w, https:\/\/hvc-vn.com\/wp-content\/uploads\/2024\/02\/IMG_1354-1536x864.webp 1536w, https:\/\/hvc-vn.com\/wp-content\/uploads\/2024\/02\/IMG_1354-2048x1152.webp 2048w, https:\/\/hvc-vn.com\/wp-content\/uploads\/2024\/02\/IMG_1354-600x338.webp 600w\" sizes=\"(max-width: 1024px) 100vw, 1024px\" \/><figcaption id=\"caption-attachment-2901\" class=\"wp-caption-text\">HVC sending goods to Nghi Son Cement Company.<\/figcaption><\/figure>\n<h3><u>The operating motto of HVC:<\/u><\/h3>\n<div>\n<ul>\n<li>Ensuring the continuous and stable operation of electrical and electronic systems in production lines to meet production requirements.<\/li>\n<li>Improving and replacing old electrical, electronic, and mechanical equipment with new advanced technical equipment to enhance product quality, reliability, durability, and reduce energy consumption, etc.<\/li>\n<li>Designing, importing, manufacturing, and installing new production lines, new systems, and new equipment with advanced technical features to enhance production efficiency and manufacture new products.<\/li>\n<li>Equipping standard laboratories for production facilities.<\/li>\n<li>In addition to introducing advanced technology equipment into production, we also provide training and transfer new technical skills to the staff, creating conditions for them to grasp the use and operation of new technical production lines, thereby enhancing the skills and expertise of the staff.<\/li>\n<li>In providing goods, equipment, materials, and spare parts, we always carefully understand the requirements of customers to select suitable equipment to ensure full compliance with technical specifications, usability features, and expandability. Ensuring accurate and economically efficient supply. <\/li>\n<li>In its scientific, technical, and business activities, Hung Viet Electronics Technology and Trading Company always prioritizes &#8220;Reputation and Quality&#8221; as its top goal and the lifeblood of the company.<\/li>\n<\/ul>\n<\/div>\n<h3><strong><u>Traditional Customers<\/u><\/strong><strong>:<\/strong><\/h3>\n<ul>\n<li><span style=\"font-style: inherit; font-weight: inherit; color: var( --e-global-color-5735a3e9 ); font-family: var( --e-global-typography-secondary-font-family ), Sans-serif; background-color: var(--ast-global-color-2);\">Lam Thao Super Phosphate and Chemical Company <\/span><\/li>\n<li>Southern Fertilizer Company<\/li>\n<li>Chemical Business South Branch Limited Liability Company<\/li>\n<li>Viet Tri Chemical Joint Stock Company <\/li>\n<li>Bai Bang Paper Company<\/li>\n<li>Phu Giang Paper and Packaging Company <\/li>\n<li>Bim Son Cement Joint Stock Company<\/li>\n<li>Nghi Son Cement Corporation<\/li>\n<li>Song Gianh Cement Company<\/li>\n<li>But Son Cement Joint Stock Company <\/li>\n<li>Cam Pha Cement Joint Stock Company<\/li>\n<li>Cong Thanh Cement Joint Stock Company<\/li>\n<li>Hoang Mai Cement Joint Stock Company<\/li>\n<li>Hoang Thach Cement Joint Stock Company<\/li>\n<li>Duyen Ha Cement Company<\/li>\n<li>Ha Tien Cement Joint Stock Company<\/li>\n<li>Dong Lam Cement Joint Stock Company<\/li>\n<li>Tam Diep Cement Joint Stock Company<\/li>\n<li>Chinh Phong Cement Company<\/li>\n<li>Vissai Cement Company<\/li>\n<li>Hai Phong Cement Joint Stock Company<\/li>\n<li>Vietnam Floating Glass Company Limited<\/li>\n<li>Toyo Construction Company Limited<\/li>\n<li>Nghi Son Refinery and Petrochemical LLC<\/li>\n<li>Dap Cau Glass Company<\/li>\n<li>Ha Tay Beverage Company<\/li>\n<li>Hanoi Beer, Alcohol and Beverage Company<\/li>\n<li>Thai Nguyen Iron and Steel Company<\/li>\n<li>Hoa Phat Steel Company Limited<\/li>\n<li>BlueScope Steel Company<\/li>\n<li>Bim Son Packaging Joint Stock Company<\/li>\n<li>Vietnam Dairy Group<\/li>\n<li>Hanoi Dairy Joint Stock Company<\/li>\n<li>Hanoi Textile and Garment Company<\/li>\n<li>C\u00f4ng ty D\u1ec7t Nam \u0110\u1ecbnh. <\/li>\n<li>Hue Textile Company<\/li>\n<li>C\u00f4ng ty Cao su Sao v\u00e0ng &#8211; H\u00e0 N\u1ed9i <\/li>\n<li>C\u00f4ng ty D\u01b0\u1ee3c ph\u1ea9m H\u00e0 N\u1ed9i I &#8211; H\u00e0 N\u1ed9i <\/li>\n<li>Vietnam GAS Company<\/li>\n<li>Coc Sau Coal Company<\/li>\n<li>Hon Gai Coal Company<\/li>\n<li>Uong Bi Coal Company<\/li>\n<li>Mao Khe Coal Company<\/li>\n<li>Ha Lam Coal Company<\/li>\n<li>Nam Mau Coal Company<\/li>\n<li>H\u1ea1 Long Coal Company<\/li>\n<li>National Research Institute of Mechanics (NARIME)<\/li>\n<li>CONINCO Joint Stock Company<\/li>\n<\/ul>\n<h3><span style=\"text-decoration: underline;\">Some typical projects:<\/span><\/h3>\n<ul>\n<li>Designing, supplying, installing, commissioning, and calibrating numerous electronic table scales, truck scales, bagging scales systems, conveyor belt scales systems, batching scales systems, and railroad scales systems for companies such as Bim Son Cement Company, Ha Bac Fertilizer Company, Lam Thao Super Phosphate and Chemical Company, Viet Tri Concrete Company, Bai Bang Paper Company, etc.<\/li>\n<li>Supplying, installing, calibrating, and commissioning measuring equipment for the Acid Production Line at Tan Binh Chemical Plant &#8211; Southern HCCB Company.<\/li>\n<li>Designing, supplying, installing, calibrating, and commissioning automated PLC-controlled cement sampling systems for Nghi Son Cement Plant &#8211; Thanh Hoa and distribution station at Hiep Phuoc-Nha Be of Nghi Son Cement Company.<\/li>\n<li>Designing, supplying, installing, programming, calibrating, and commissioning the entire field measuring equipment and DCS control system from Yokogawa-Japan for the Sulphuric Acid production lines at Plant No.1 of Super Phosphate and Chemicals LAM THAO Company.<\/li>\n<li>Designing, supplying, installing, programming, calibrating, and commissioning the entire field measuring equipment and DCS control system from Yokogawa-Japan for the Sulphuric Acid production lines at Plant No.2 of Super Phosphate and Chemicals LAM THAO Company.<\/li>\n<li>Designing, supplying, installing, programming, calibrating, and commissioning the entire field measuring equipment and PLC control system from Siemens-Germany for the Super Phosphate production lines at Plant No.1 and Plant No.2 of Super Phosphate and Chemicals LAM THAO Company.<\/li>\n<li>Designing, supplying, installing, calibrating, commissioning, and testing. verification of a 60-ton truck scale and upgrading it to 80 tons &#8211; Nghi Son Cement Company.<\/li>\n<li>Supplying, installing, calibrating, and commissioning measuring equipment for the Caustic Soda Production Line at Bien Hoa Chemical Plant &#8211; Southern Basic Chemicals Company.<\/li>\n<li>Designing, supplying, installing, calibrating, and commissioning 02 bagging scale systems for NPK Plant No.1 &#8211; Lam Thao Super Phosphate and Chemicals Company.<\/li>\n<li>Designing, manufacturing, supplying, installing, calibrating, and commissioning an industrial water treatment system for the phosphate plant in Tang Loong, Lao Cai &#8211; Southern Basic Chemicals Company.<\/li>\n<li>Designing, manufacturing, supplying, installing, calibrating, commissioning, verifying, and certifying an 80-ton railway scale system at Lam Thao station &#8211; Lam Thao Super Phosphate and Chemicals Company.<\/li>\n<li>Designing, supplying, installing, calibrating, commissioning, verifying, and certifying a conveyor belt scale system for Silica at the mining area &#8211; Nghi Son Cement Company.<\/li>\n<li>Supplying a considerable amount of conveyor belt protection equipment from Matsushima-Japan for Nghi Son Cement Company. Designing, manufacturing, supplying, installing, calibrating, commissioning, testing a 120-ton scale, lighting system, barrier system, camera system, verifying, and certifying the scale for operational use at Nghi Son Cement Company.<\/li>\n<li>Designing, manufacturing, supplying, installing, calibrating, commissioning, and testing a 15m3\/h domestic water treatment system A3 for Nghi Son Cement Company.<\/li>\n<li>Supplying, installing, inspecting, maintaining, calibrating, and commissioning 02 domestic water treatment systems A1 and A2 with a capacity of 15m3\/h for Nghi Son Cement Company.<\/li>\n<li>Designing, manufacturing, supplying, installing, calibrating, commissioning, and testing an industrial water treatment system for Nghi Son Cement Company. Designing, supplying, installing, calibrating, commissioning, and testing a security surveillance camera system for the entire plant of Nghi Son Cement Company.<\/li>\n<li>Designing, supplying, installing, calibrating, and testing 03 dust concentration measuring systems for the flue gas pipes from Matsushima for Nghi Son Cement Company.<figure id=\"attachment_2902\" aria-describedby=\"caption-attachment-2902\" style=\"width: 1024px\" class=\"wp-caption aligncenter\"><img decoding=\"async\" class=\"wp-image-2902 size-large lazyload\" data-src=\"https:\/\/hvc-vn.com\/wp-content\/uploads\/2024\/02\/IMG_1244-1024x576.webp\" alt=\"\" width=\"1024\" height=\"576\" data-wp-editing=\"1\" data-srcset=\"https:\/\/hvc-vn.com\/wp-content\/uploads\/2024\/02\/IMG_1244-1024x576.webp 1024w, https:\/\/hvc-vn.com\/wp-content\/uploads\/2024\/02\/IMG_1244-300x169.webp 300w, https:\/\/hvc-vn.com\/wp-content\/uploads\/2024\/02\/IMG_1244-768x432.webp 768w, https:\/\/hvc-vn.com\/wp-content\/uploads\/2024\/02\/IMG_1244-1536x864.webp 1536w, https:\/\/hvc-vn.com\/wp-content\/uploads\/2024\/02\/IMG_1244-2048x1152.webp 2048w, https:\/\/hvc-vn.com\/wp-content\/uploads\/2024\/02\/IMG_1244-600x338.webp 600w\" data-sizes=\"(max-width: 1024px) 100vw, 1024px\" src=\"data:image\/gif;base64,R0lGODlhAQABAAAAACH5BAEKAAEALAAAAAABAAEAAAICTAEAOw==\" style=\"--smush-placeholder-width: 1024px; --smush-placeholder-aspect-ratio: 1024\/576;\" \/><noscript><img decoding=\"async\" class=\"wp-image-2902 size-large\" src=\"https:\/\/hvc-vn.com\/wp-content\/uploads\/2024\/02\/IMG_1244-1024x576.webp\" alt=\"\" width=\"1024\" height=\"576\" data-wp-editing=\"1\" srcset=\"https:\/\/hvc-vn.com\/wp-content\/uploads\/2024\/02\/IMG_1244-1024x576.webp 1024w, https:\/\/hvc-vn.com\/wp-content\/uploads\/2024\/02\/IMG_1244-300x169.webp 300w, https:\/\/hvc-vn.com\/wp-content\/uploads\/2024\/02\/IMG_1244-768x432.webp 768w, https:\/\/hvc-vn.com\/wp-content\/uploads\/2024\/02\/IMG_1244-1536x864.webp 1536w, https:\/\/hvc-vn.com\/wp-content\/uploads\/2024\/02\/IMG_1244-2048x1152.webp 2048w, https:\/\/hvc-vn.com\/wp-content\/uploads\/2024\/02\/IMG_1244-600x338.webp 600w\" sizes=\"(max-width: 1024px) 100vw, 1024px\" \/><\/noscript><figcaption id=\"caption-attachment-2902\" class=\"wp-caption-text\">HVC staff along with engineers from Matsushima came to work at Nghi Son Cement Company.<\/figcaption><\/figure><\/li>\n<li>Supplying materials and technical startup services for a 3550KW motor for a new fan using a water resistance starting device for Nghi Son Cement Company.<\/li>\n<li>Supplying equipment, repairing, maintaining, calibrating, and certifying 02 120-ton truck scales for Nghi Son Cement Company.<\/li>\n<li>Supplying conveyor belt protection equipment from Matsushima for the Thai Binh II and Song Hau I thermal power plant projects through the contractor Narime.<\/li>\n<li>Providing batteries for UPS stations of 15KVA and 100KVA, technical support for installation, testing, and calibration for Vietnam Float Glass Company.<\/li>\n<li>Providing, instructing on testing, installation, calibration, and trial run of 3 belt rip detection systems from Matsushima-Japan for 3 conveyor belts at Cong Thanh Cement Plant &#8211; Cong Thanh Cement Joint Stock Company.<\/li>\n<\/ul>\n<h3><strong><u>Business philosophy<\/u><\/strong><strong>:<\/strong><\/h3>\n<ul>\n<li>Focusing on the word &#8216;trust&#8217; as the key to success.<\/li>\n<li>ommitment to customer benefits and sustainable company development.<\/li>\n<li>Towards harmony and mutual benefit.<\/li>\n<\/ul>\n\t\t\t\t\t\t<\/div>\n\t\t\t\t<\/div>\n\t\t\t\t<\/div>\n\t\t\t\t<\/div>\n\t\t","protected":false},"excerpt":{"rendered":"<p>ABOUT US HUNG VIET ELECTRONICS TECHNOLOGY AND TRADING COMPANY LIMITED (HVC) With over 20 years in the industry, we take pride in being one of the leading suppliers of solutions, materials, machinery, equipment, spare parts, and raw materials serving various industries including Chemical, Cement, Steel, Glass, Paper, Textile, Food and Beverage, Construction, Transportation, etc., with [&hellip;]<\/p>\n","protected":false},"author":1,"featured_media":0,"parent":0,"menu_order":0,"comment_status":"closed","ping_status":"closed","template":"","meta":{"site-sidebar-layout":"default","site-content-layout":"","ast-site-content-layout":"default","site-content-style":"default","site-sidebar-style":"default","ast-global-header-display":"","ast-banner-title-visibility":"","ast-main-header-display":"","ast-hfb-above-header-display":"","ast-hfb-below-header-display":"","ast-hfb-mobile-header-display":"","site-post-title":"","ast-breadcrumbs-content":"","ast-featured-img":"","footer-sml-layout":"","theme-transparent-header-meta":"","adv-header-id-meta":"","stick-header-meta":"","header-above-stick-meta":"","header-main-stick-meta":"","header-below-stick-meta":"","astra-migrate-meta-layouts":"default","ast-page-background-enabled":"default","ast-page-background-meta":{"desktop":{"background-color":"","background-image":"","background-repeat":"repeat","background-position":"center center","background-size":"auto","background-attachment":"scroll","background-type":"","background-media":"","overlay-type":"","overlay-color":"","overlay-gradient":""},"tablet":{"background-color":"","background-image":"","background-repeat":"repeat","background-position":"center center","background-size":"auto","background-attachment":"scroll","background-type":"","background-media":"","overlay-type":"","overlay-color":"","overlay-gradient":""},"mobile":{"background-color":"","background-image":"","background-repeat":"repeat","background-position":"center center","background-size":"auto","background-attachment":"scroll","background-type":"","background-media":"","overlay-type":"","overlay-color":"","overlay-gradient":""}},"ast-content-background-meta":{"desktop":{"background-color":"var(--ast-global-color-5)","background-image":"","background-repeat":"repeat","background-position":"center center","background-size":"auto","background-attachment":"scroll","background-type":"","background-media":"","overlay-type":"","overlay-color":"","overlay-gradient":""},"tablet":{"background-color":"var(--ast-global-color-5)","background-image":"","background-repeat":"repeat","background-position":"center center","background-size":"auto","background-attachment":"scroll","background-type":"","background-media":"","overlay-type":"","overlay-color":"","overlay-gradient":""},"mobile":{"background-color":"var(--ast-global-color-5)","background-image":"","background-repeat":"repeat","background-position":"center center","background-size":"auto","background-attachment":"scroll","background-type":"","background-media":"","overlay-type":"","overlay-color":"","overlay-gradient":""}},"footnotes":""},"class_list":["post-4098","page","type-page","status-publish","hentry"],"_links":{"self":[{"href":"https:\/\/hvc-vn.com\/en\/wp-json\/wp\/v2\/pages\/4098","targetHints":{"allow":["GET"]}}],"collection":[{"href":"https:\/\/hvc-vn.com\/en\/wp-json\/wp\/v2\/pages"}],"about":[{"href":"https:\/\/hvc-vn.com\/en\/wp-json\/wp\/v2\/types\/page"}],"author":[{"embeddable":true,"href":"https:\/\/hvc-vn.com\/en\/wp-json\/wp\/v2\/users\/1"}],"replies":[{"embeddable":true,"href":"https:\/\/hvc-vn.com\/en\/wp-json\/wp\/v2\/comments?post=4098"}],"version-history":[{"count":6,"href":"https:\/\/hvc-vn.com\/en\/wp-json\/wp\/v2\/pages\/4098\/revisions"}],"predecessor-version":[{"id":5068,"href":"https:\/\/hvc-vn.com\/en\/wp-json\/wp\/v2\/pages\/4098\/revisions\/5068"}],"wp:attachment":[{"href":"https:\/\/hvc-vn.com\/en\/wp-json\/wp\/v2\/media?parent=4098"}],"curies":[{"name":"wp","href":"https:\/\/api.w.org\/{rel}","templated":true}]}}