{"id":3690,"date":"2024-01-04T16:24:51","date_gmt":"2024-01-04T16:24:51","guid":{"rendered":"http:\/\/hvc-vn.com\/powder-measuring-instrument\/"},"modified":"2024-04-09T00:25:22","modified_gmt":"2024-04-09T00:25:22","slug":"powder-measuring-instrument","status":"publish","type":"page","link":"https:\/\/hvc-vn.com\/en\/powder-measuring-instrument\/","title":{"rendered":"Powder Measuring Instrument"},"content":{"rendered":"\t\t<div data-elementor-type=\"wp-page\" data-elementor-id=\"3690\" class=\"elementor elementor-3690 elementor-2072\" data-elementor-post-type=\"page\">\n\t\t\t\t<div class=\"elementor-element elementor-element-7c94e9b e-flex e-con-boxed e-con e-parent\" data-id=\"7c94e9b\" data-element_type=\"container\">\n\t\t\t\t\t<div class=\"e-con-inner\">\n\t\t\t\t<div class=\"elementor-element elementor-element-447dac1 elementor-widget elementor-widget-heading\" data-id=\"447dac1\" data-element_type=\"widget\" data-widget_type=\"heading.default\">\n\t\t\t\t<div class=\"elementor-widget-container\">\n\t\t\t<style>\/*! elementor - v3.22.0 - 24-06-2024 *\/\n.elementor-heading-title{padding:0;margin:0;line-height:1}.elementor-widget-heading .elementor-heading-title[class*=elementor-size-]>a{color:inherit;font-size:inherit;line-height:inherit}.elementor-widget-heading .elementor-heading-title.elementor-size-small{font-size:15px}.elementor-widget-heading .elementor-heading-title.elementor-size-medium{font-size:19px}.elementor-widget-heading .elementor-heading-title.elementor-size-large{font-size:29px}.elementor-widget-heading .elementor-heading-title.elementor-size-xl{font-size:39px}.elementor-widget-heading .elementor-heading-title.elementor-size-xxl{font-size:59px}<\/style><h1 class=\"elementor-heading-title elementor-size-xl\">Powder Measuring Instrument<\/h1>\t\t<\/div>\n\t\t\t\t<\/div>\n\t\t\t\t\t<\/div>\n\t\t\t\t<\/div>\n\t\t<div class=\"elementor-element elementor-element-f41bde7 e-flex e-con-boxed e-con e-parent\" data-id=\"f41bde7\" data-element_type=\"container\">\n\t\t\t\t\t<div class=\"e-con-inner\">\n\t\t\t\t<div class=\"elementor-element elementor-element-b73bb59 elementor-widget elementor-widget-text-editor\" data-id=\"b73bb59\" data-element_type=\"widget\" data-widget_type=\"text-editor.default\">\n\t\t\t\t<div class=\"elementor-widget-container\">\n\t\t\t<style>\/*! elementor - v3.22.0 - 24-06-2024 *\/\n.elementor-widget-text-editor.elementor-drop-cap-view-stacked .elementor-drop-cap{background-color:#69727d;color:#fff}.elementor-widget-text-editor.elementor-drop-cap-view-framed .elementor-drop-cap{color:#69727d;border:3px solid;background-color:transparent}.elementor-widget-text-editor:not(.elementor-drop-cap-view-default) .elementor-drop-cap{margin-top:8px}.elementor-widget-text-editor:not(.elementor-drop-cap-view-default) .elementor-drop-cap-letter{width:1em;height:1em}.elementor-widget-text-editor .elementor-drop-cap{float:left;text-align:center;line-height:1;font-size:50px}.elementor-widget-text-editor .elementor-drop-cap-letter{display:inline-block}<\/style>\t\t\t\t<p>Check concentration of dust leaking from dust collectors, dust generated from machinery and equipment operating inside and outside of factories, construction sites, etc., and floating particulate dust in clean booths, production line factories, server rooms, etc. where clean spaces are required. Monitor continuously.<\/p>\n\t\t\t\t\t\t<\/div>\n\t\t\t\t<\/div>\n\t\t\t\t\t<\/div>\n\t\t\t\t<\/div>\n\t\t<div class=\"elementor-element elementor-element-bcf36f0 e-flex e-con-boxed e-con e-parent\" data-id=\"bcf36f0\" data-element_type=\"container\">\n\t\t\t\t\t<div class=\"e-con-inner\">\n\t\t<div class=\"elementor-element elementor-element-4c93673 e-grid e-con-boxed e-con e-child\" data-id=\"4c93673\" data-element_type=\"container\">\n\t\t\t\t\t<div class=\"e-con-inner\">\n\t\t\t\t<div class=\"elementor-element elementor-element-2a8e401 elementor-widget elementor-widget-image\" data-id=\"2a8e401\" data-element_type=\"widget\" data-widget_type=\"image.default\">\n\t\t\t\t<div class=\"elementor-widget-container\">\n\t\t\t<style>\/*! elementor - v3.22.0 - 24-06-2024 *\/\n.elementor-widget-image{text-align:center}.elementor-widget-image a{display:inline-block}.elementor-widget-image a img[src$=\".svg\"]{width:48px}.elementor-widget-image img{vertical-align:middle;display:inline-block}<\/style>\t\t\t\t\t\t\t\t\t\t<img fetchpriority=\"high\" decoding=\"async\" width=\"1024\" height=\"835\" src=\"https:\/\/hvc-vn.com\/wp-content\/uploads\/2024\/01\/large-47.webp\" class=\"attachment-large size-large wp-image-2075\" alt=\"B\u1ed9 c\u1ea3m bi\u1ebfn \u0111o b\u1ee5i\" srcset=\"https:\/\/hvc-vn.com\/wp-content\/uploads\/2024\/01\/large-47.webp 1024w, https:\/\/hvc-vn.com\/wp-content\/uploads\/2024\/01\/large-47-300x245.webp 300w, https:\/\/hvc-vn.com\/wp-content\/uploads\/2024\/01\/large-47-768x626.webp 768w, https:\/\/hvc-vn.com\/wp-content\/uploads\/2024\/01\/large-47-600x489.webp 600w\" sizes=\"(max-width: 1024px) 100vw, 1024px\" \/>\t\t\t\t\t\t\t\t\t\t\t\t\t<\/div>\n\t\t\t\t<\/div>\n\t\t<div class=\"elementor-element elementor-element-fe6a813 e-grid e-con-boxed e-con e-child\" data-id=\"fe6a813\" data-element_type=\"container\">\n\t\t\t\t\t<div class=\"e-con-inner\">\n\t\t\t\t<div class=\"elementor-element elementor-element-389ba3d elementor-position-left elementor-vertical-align-middle elementor-widget elementor-widget-image-box\" data-id=\"389ba3d\" data-element_type=\"widget\" data-widget_type=\"image-box.default\">\n\t\t\t\t<div class=\"elementor-widget-container\">\n\t\t\t<style>\/*! elementor - v3.22.0 - 24-06-2024 *\/\n.elementor-widget-image-box .elementor-image-box-content{width:100%}@media (min-width:768px){.elementor-widget-image-box.elementor-position-left .elementor-image-box-wrapper,.elementor-widget-image-box.elementor-position-right .elementor-image-box-wrapper{display:flex}.elementor-widget-image-box.elementor-position-right .elementor-image-box-wrapper{text-align:end;flex-direction:row-reverse}.elementor-widget-image-box.elementor-position-left .elementor-image-box-wrapper{text-align:start;flex-direction:row}.elementor-widget-image-box.elementor-position-top .elementor-image-box-img{margin:auto}.elementor-widget-image-box.elementor-vertical-align-top .elementor-image-box-wrapper{align-items:flex-start}.elementor-widget-image-box.elementor-vertical-align-middle .elementor-image-box-wrapper{align-items:center}.elementor-widget-image-box.elementor-vertical-align-bottom .elementor-image-box-wrapper{align-items:flex-end}}@media (max-width:767px){.elementor-widget-image-box .elementor-image-box-img{margin-left:auto!important;margin-right:auto!important;margin-bottom:15px}}.elementor-widget-image-box .elementor-image-box-img{display:inline-block}.elementor-widget-image-box .elementor-image-box-title a{color:inherit}.elementor-widget-image-box .elementor-image-box-wrapper{text-align:center}.elementor-widget-image-box .elementor-image-box-description{margin:0}<\/style><div class=\"elementor-image-box-wrapper\"><figure class=\"elementor-image-box-img\"><a href=\"https:\/\/hvc-vn.com\/san-pham\/may-do-nong-do-bui\/\" tabindex=\"-1\"><img decoding=\"async\" width=\"1024\" height=\"768\" data-src=\"https:\/\/hvc-vn.com\/wp-content\/uploads\/2024\/01\/large-8-1.webp\" class=\"attachment-full size-full wp-image-2080 lazyload\" alt=\"M\u00e1y \u0110o N\u1ed3ng \u0110\u1ed9 B\u1ee5i\" data-srcset=\"https:\/\/hvc-vn.com\/wp-content\/uploads\/2024\/01\/large-8-1.webp 1024w, https:\/\/hvc-vn.com\/wp-content\/uploads\/2024\/01\/large-8-1-300x225.webp 300w, https:\/\/hvc-vn.com\/wp-content\/uploads\/2024\/01\/large-8-1-768x576.webp 768w, https:\/\/hvc-vn.com\/wp-content\/uploads\/2024\/01\/large-8-1-600x450.webp 600w\" data-sizes=\"(max-width: 1024px) 100vw, 1024px\" src=\"data:image\/gif;base64,R0lGODlhAQABAAAAACH5BAEKAAEALAAAAAABAAEAAAICTAEAOw==\" style=\"--smush-placeholder-width: 1024px; --smush-placeholder-aspect-ratio: 1024\/768;\" \/><noscript><img decoding=\"async\" width=\"1024\" height=\"768\" src=\"https:\/\/hvc-vn.com\/wp-content\/uploads\/2024\/01\/large-8-1.webp\" class=\"attachment-full size-full wp-image-2080\" alt=\"M\u00e1y \u0110o N\u1ed3ng \u0110\u1ed9 B\u1ee5i\" srcset=\"https:\/\/hvc-vn.com\/wp-content\/uploads\/2024\/01\/large-8-1.webp 1024w, https:\/\/hvc-vn.com\/wp-content\/uploads\/2024\/01\/large-8-1-300x225.webp 300w, https:\/\/hvc-vn.com\/wp-content\/uploads\/2024\/01\/large-8-1-768x576.webp 768w, https:\/\/hvc-vn.com\/wp-content\/uploads\/2024\/01\/large-8-1-600x450.webp 600w\" sizes=\"(max-width: 1024px) 100vw, 1024px\" \/><\/noscript><\/a><\/figure><div class=\"elementor-image-box-content\"><h4 class=\"elementor-image-box-title\"><a href=\"https:\/\/hvc-vn.com\/san-pham\/may-do-nong-do-bui\/\">Dust Monitor<\/a><\/h4><p class=\"elementor-image-box-description\">Dust indicator that continuously monitors dust concentration from a dust collector<\/p><\/div><\/div>\t\t<\/div>\n\t\t\t\t<\/div>\n\t\t\t\t<div class=\"elementor-element elementor-element-37b00fe elementor-position-left elementor-vertical-align-middle elementor-widget elementor-widget-image-box\" data-id=\"37b00fe\" data-element_type=\"widget\" data-widget_type=\"image-box.default\">\n\t\t\t\t<div class=\"elementor-widget-container\">\n\t\t\t<div class=\"elementor-image-box-wrapper\"><figure class=\"elementor-image-box-img\"><a href=\"https:\/\/hvc-vn.com\/san-pham\/may-do-nong-do-bui-nho\/\" tabindex=\"-1\"><img decoding=\"async\" width=\"379\" height=\"460\" data-src=\"https:\/\/hvc-vn.com\/wp-content\/uploads\/2024\/01\/original-7.webp\" class=\"attachment-full size-full wp-image-2081 lazyload\" alt=\"M\u00e1y \u0110o N\u1ed3ng \u0110\u1ed9 B\u1ee5i (nh\u1ecf)\" data-srcset=\"https:\/\/hvc-vn.com\/wp-content\/uploads\/2024\/01\/original-7.webp 379w, https:\/\/hvc-vn.com\/wp-content\/uploads\/2024\/01\/original-7-247x300.webp 247w\" data-sizes=\"(max-width: 379px) 100vw, 379px\" src=\"data:image\/gif;base64,R0lGODlhAQABAAAAACH5BAEKAAEALAAAAAABAAEAAAICTAEAOw==\" style=\"--smush-placeholder-width: 379px; --smush-placeholder-aspect-ratio: 379\/460;\" \/><noscript><img decoding=\"async\" width=\"379\" height=\"460\" src=\"https:\/\/hvc-vn.com\/wp-content\/uploads\/2024\/01\/original-7.webp\" class=\"attachment-full size-full wp-image-2081\" alt=\"M\u00e1y \u0110o N\u1ed3ng \u0110\u1ed9 B\u1ee5i (nh\u1ecf)\" srcset=\"https:\/\/hvc-vn.com\/wp-content\/uploads\/2024\/01\/original-7.webp 379w, https:\/\/hvc-vn.com\/wp-content\/uploads\/2024\/01\/original-7-247x300.webp 247w\" sizes=\"(max-width: 379px) 100vw, 379px\" \/><\/noscript><\/a><\/figure><div class=\"elementor-image-box-content\"><h4 class=\"elementor-image-box-title\"><a href=\"https:\/\/hvc-vn.com\/san-pham\/may-do-nong-do-bui-nho\/\">Dust Switch<\/a><\/h4><p class=\"elementor-image-box-description\">Dust indicator that continuously monitors dust concentration from a small dust collector<\/p><\/div><\/div>\t\t<\/div>\n\t\t\t\t<\/div>\n\t\t\t\t<div class=\"elementor-element elementor-element-0bf8840 elementor-position-left elementor-vertical-align-middle elementor-widget elementor-widget-image-box\" data-id=\"0bf8840\" data-element_type=\"widget\" data-widget_type=\"image-box.default\">\n\t\t\t\t<div class=\"elementor-widget-container\">\n\t\t\t<div class=\"elementor-image-box-wrapper\"><figure class=\"elementor-image-box-img\"><a href=\"https:\/\/hvc-vn.com\/san-pham\/may-do-bui-khong-khi\/\" tabindex=\"-1\"><img loading=\"lazy\" decoding=\"async\" width=\"350\" height=\"394\" data-src=\"https:\/\/hvc-vn.com\/wp-content\/uploads\/2024\/01\/original-8-1.webp\" class=\"attachment-full size-full wp-image-2082 lazyload\" alt=\"M\u00e1y \u0110o B\u1ee5i Kh\u00f4ng Kh\u00ed\" data-srcset=\"https:\/\/hvc-vn.com\/wp-content\/uploads\/2024\/01\/original-8-1.webp 350w, https:\/\/hvc-vn.com\/wp-content\/uploads\/2024\/01\/original-8-1-266x300.webp 266w\" data-sizes=\"(max-width: 350px) 100vw, 350px\" src=\"data:image\/gif;base64,R0lGODlhAQABAAAAACH5BAEKAAEALAAAAAABAAEAAAICTAEAOw==\" style=\"--smush-placeholder-width: 350px; --smush-placeholder-aspect-ratio: 350\/394;\" \/><noscript><img loading=\"lazy\" decoding=\"async\" width=\"350\" height=\"394\" src=\"https:\/\/hvc-vn.com\/wp-content\/uploads\/2024\/01\/original-8-1.webp\" class=\"attachment-full size-full wp-image-2082\" alt=\"M\u00e1y \u0110o B\u1ee5i Kh\u00f4ng Kh\u00ed\" srcset=\"https:\/\/hvc-vn.com\/wp-content\/uploads\/2024\/01\/original-8-1.webp 350w, https:\/\/hvc-vn.com\/wp-content\/uploads\/2024\/01\/original-8-1-266x300.webp 266w\" sizes=\"(max-width: 350px) 100vw, 350px\" \/><\/noscript><\/a><\/figure><div class=\"elementor-image-box-content\"><h4 class=\"elementor-image-box-title\"><a href=\"https:\/\/hvc-vn.com\/san-pham\/may-do-bui-khong-khi\/\">Air Dust Monitor<\/a><\/h4><p class=\"elementor-image-box-description\">Dust indicator that continuously monitors dust concentration at indoor and outdoor sites and facilities<\/p><\/div><\/div>\t\t<\/div>\n\t\t\t\t<\/div>\n\t\t\t\t<div class=\"elementor-element elementor-element-c3e117f elementor-position-left elementor-vertical-align-middle elementor-widget elementor-widget-image-box\" data-id=\"c3e117f\" data-element_type=\"widget\" data-widget_type=\"image-box.default\">\n\t\t\t\t<div class=\"elementor-widget-container\">\n\t\t\t<div class=\"elementor-image-box-wrapper\"><figure class=\"elementor-image-box-img\"><a href=\"https:\/\/hvc-vn.com\/san-pham\/may-giam-sat-hat-khong-khi\/\" tabindex=\"-1\"><img loading=\"lazy\" decoding=\"async\" width=\"900\" height=\"760\" data-src=\"https:\/\/hvc-vn.com\/wp-content\/uploads\/2024\/01\/original-9-1.webp\" class=\"attachment-full size-full wp-image-2083 lazyload\" alt=\"M\u00e1y Gi\u00e1m S\u00e1t H\u1ea1t Kh\u00f4ng Kh\u00ed\" data-srcset=\"https:\/\/hvc-vn.com\/wp-content\/uploads\/2024\/01\/original-9-1.webp 900w, https:\/\/hvc-vn.com\/wp-content\/uploads\/2024\/01\/original-9-1-300x253.webp 300w, https:\/\/hvc-vn.com\/wp-content\/uploads\/2024\/01\/original-9-1-768x649.webp 768w, https:\/\/hvc-vn.com\/wp-content\/uploads\/2024\/01\/original-9-1-600x507.webp 600w\" data-sizes=\"(max-width: 900px) 100vw, 900px\" src=\"data:image\/gif;base64,R0lGODlhAQABAAAAACH5BAEKAAEALAAAAAABAAEAAAICTAEAOw==\" style=\"--smush-placeholder-width: 900px; --smush-placeholder-aspect-ratio: 900\/760;\" \/><noscript><img loading=\"lazy\" decoding=\"async\" width=\"900\" height=\"760\" src=\"https:\/\/hvc-vn.com\/wp-content\/uploads\/2024\/01\/original-9-1.webp\" class=\"attachment-full size-full wp-image-2083\" alt=\"M\u00e1y Gi\u00e1m S\u00e1t H\u1ea1t Kh\u00f4ng Kh\u00ed\" srcset=\"https:\/\/hvc-vn.com\/wp-content\/uploads\/2024\/01\/original-9-1.webp 900w, https:\/\/hvc-vn.com\/wp-content\/uploads\/2024\/01\/original-9-1-300x253.webp 300w, https:\/\/hvc-vn.com\/wp-content\/uploads\/2024\/01\/original-9-1-768x649.webp 768w, https:\/\/hvc-vn.com\/wp-content\/uploads\/2024\/01\/original-9-1-600x507.webp 600w\" sizes=\"(max-width: 900px) 100vw, 900px\" \/><\/noscript><\/a><\/figure><div class=\"elementor-image-box-content\"><h4 class=\"elementor-image-box-title\"><a href=\"https:\/\/hvc-vn.com\/san-pham\/may-giam-sat-hat-khong-khi\/\">Air Particle Monitor<\/a><\/h4><p class=\"elementor-image-box-description\">Dust indicator that continuously monitors fine particles such as dust floating in space<\/p><\/div><\/div>\t\t<\/div>\n\t\t\t\t<\/div>\n\t\t\t\t\t<\/div>\n\t\t\t\t<\/div>\n\t\t\t\t\t<\/div>\n\t\t\t\t<\/div>\n\t\t\t\t\t<\/div>\n\t\t\t\t<\/div>\n\t\t\t\t<\/div>\n\t\t","protected":false},"excerpt":{"rendered":"<p>Powder Measuring Instrument Check concentration of dust leaking from dust collectors, dust generated from machinery and equipment operating inside and outside of factories, construction sites, etc., and floating particulate dust in clean booths, production line factories, server rooms, etc. where clean spaces are required. Monitor continuously. Dust Monitor Dust indicator that continuously monitors dust concentration [&hellip;]<\/p>\n","protected":false},"author":1,"featured_media":0,"parent":0,"menu_order":0,"comment_status":"closed","ping_status":"closed","template":"","meta":{"site-sidebar-layout":"no-sidebar","site-content-layout":"page-builder","ast-site-content-layout":"full-width-container","site-content-style":"default","site-sidebar-style":"default","ast-global-header-display":"","ast-banner-title-visibility":"","ast-main-header-display":"","ast-hfb-above-header-display":"","ast-hfb-below-header-display":"","ast-hfb-mobile-header-display":"","site-post-title":"disabled","ast-breadcrumbs-content":"","ast-featured-img":"disabled","footer-sml-layout":"","theme-transparent-header-meta":"","adv-header-id-meta":"","stick-header-meta":"","header-above-stick-meta":"","header-main-stick-meta":"","header-below-stick-meta":"","astra-migrate-meta-layouts":"default","ast-page-background-enabled":"default","ast-page-background-meta":{"desktop":{"background-color":"","background-image":"","background-repeat":"repeat","background-position":"center center","background-size":"auto","background-attachment":"scroll","background-type":"","background-media":"","overlay-type":"","overlay-color":"","overlay-gradient":""},"tablet":{"background-color":"","background-image":"","background-repeat":"repeat","background-position":"center center","background-size":"auto","background-attachment":"scroll","background-type":"","background-media":"","overlay-type":"","overlay-color":"","overlay-gradient":""},"mobile":{"background-color":"","background-image":"","background-repeat":"repeat","background-position":"center center","background-size":"auto","background-attachment":"scroll","background-type":"","background-media":"","overlay-type":"","overlay-color":"","overlay-gradient":""}},"ast-content-background-meta":{"desktop":{"background-color":"var(--ast-global-color-5)","background-image":"","background-repeat":"repeat","background-position":"center center","background-size":"auto","background-attachment":"scroll","background-type":"","background-media":"","overlay-type":"","overlay-color":"","overlay-gradient":""},"tablet":{"background-color":"var(--ast-global-color-5)","background-image":"","background-repeat":"repeat","background-position":"center center","background-size":"auto","background-attachment":"scroll","background-type":"","background-media":"","overlay-type":"","overlay-color":"","overlay-gradient":""},"mobile":{"background-color":"var(--ast-global-color-5)","background-image":"","background-repeat":"repeat","background-position":"center center","background-size":"auto","background-attachment":"scroll","background-type":"","background-media":"","overlay-type":"","overlay-color":"","overlay-gradient":""}},"footnotes":""},"class_list":["post-3690","page","type-page","status-publish","hentry"],"_links":{"self":[{"href":"https:\/\/hvc-vn.com\/en\/wp-json\/wp\/v2\/pages\/3690","targetHints":{"allow":["GET"]}}],"collection":[{"href":"https:\/\/hvc-vn.com\/en\/wp-json\/wp\/v2\/pages"}],"about":[{"href":"https:\/\/hvc-vn.com\/en\/wp-json\/wp\/v2\/types\/page"}],"author":[{"embeddable":true,"href":"https:\/\/hvc-vn.com\/en\/wp-json\/wp\/v2\/users\/1"}],"replies":[{"embeddable":true,"href":"https:\/\/hvc-vn.com\/en\/wp-json\/wp\/v2\/comments?post=3690"}],"version-history":[{"count":3,"href":"https:\/\/hvc-vn.com\/en\/wp-json\/wp\/v2\/pages\/3690\/revisions"}],"predecessor-version":[{"id":3693,"href":"https:\/\/hvc-vn.com\/en\/wp-json\/wp\/v2\/pages\/3690\/revisions\/3693"}],"wp:attachment":[{"href":"https:\/\/hvc-vn.com\/en\/wp-json\/wp\/v2\/media?parent=3690"}],"curies":[{"name":"wp","href":"https:\/\/api.w.org\/{rel}","templated":true}]}}